{"id":2,"date":"2021-09-01T13:00:43","date_gmt":"2021-09-01T13:00:43","guid":{"rendered":"https:\/\/www.inventionquebec.ca\/?page_id=2"},"modified":"2024-05-02T11:53:59","modified_gmt":"2024-05-02T15:53:59","slug":"sample-page","status":"publish","type":"page","link":"https:\/\/www.inventionquebec.ca\/fr\/","title":{"rendered":"Accueil"},"content":{"rendered":"<div class=\"home\">\n<section>\n<div lc-helper=\"shortcode\" class=\"live-shortcode\"><div id=\"metaslider-id-1160\" style=\"width: 100%;\" class=\"ml-slider-3-27-0 metaslider metaslider-flex metaslider-1160 ml-slider nav-hidden\">\n    <div id=\"metaslider_container_1160\">\n        <div id=\"metaslider_1160\">\n            <ul aria-live=\"polite\" class=\"slides\">\n                <li style=\"display: block; width: 100%;\" class=\"slide-1178 ms-image\"><img src=\"https:\/\/www.inventionquebec.ca\/wp-content\/uploads\/2023\/10\/Fr_Banner.jpg\" height=\"544\" width=\"1920\" alt=\"\" class=\"slider-1160 slide-1178\" title=\"Fr_Banner\" \/><\/li>\n                <li style=\"display: none; width: 100%;\" class=\"slide-1177 ms-image\"><img src=\"https:\/\/www.inventionquebec.ca\/wp-content\/uploads\/2022\/02\/FR_Banniere_4_6-1.png\" height=\"544\" width=\"1920\" alt=\"\" class=\"slider-1160 slide-1177\" title=\"FR_Banniere_4_6\" \/><\/li>\n                <li style=\"display: none; width: 100%;\" class=\"slide-1180 ms-image\"><img src=\"https:\/\/www.inventionquebec.ca\/wp-content\/uploads\/2022\/02\/FR_Banniere_3-1.jpg\" height=\"544\" width=\"1920\" alt=\"\" class=\"slider-1160 slide-1180\" title=\"FR_Banniere_3\" \/><\/li>\n                <li style=\"display: none; width: 100%;\" class=\"slide-1179 ms-image\"><img src=\"https:\/\/www.inventionquebec.ca\/wp-content\/uploads\/2022\/02\/FR_Banniere_2_2-1.png\" height=\"544\" width=\"1920\" alt=\"\" class=\"slider-1160 slide-1179\" title=\"FR_Banniere_2_2\" \/><\/li>\n            <\/ul>\n        <\/div>\n        \n    <\/div>\n<\/div><\/div>\n<\/section>\n<section class=\"services-list-container\">\n<div class=\"container\">\n<div class=\"row justify-content-center\">\n<div class=\"col-auto\">\n\t\t\t\t\t<!-- \/lc-block --><\/p>\n<div class=\"lc-block\">\n<div lc-helper=\"shortcode\" class=\"live-shortcode\"><div class=\"services-list\"><div class=\"row justify-content-center\"><div class=\"col-12 col-sm-6 col-xl-3\"><div class=\"service\"><a href=\"https:\/\/www.inventionquebec.ca\/fr\/service\/brevet\/\"><figure><img src=\"https:\/\/www.inventionquebec.ca\/wp-content\/themes\/yannickweb-child\/assets\/images\/brevet.png\" class=\"\" alt=\"Brevet\"><figcaption><strong>Brevet <\/strong>Prot\u00e9gez votre invention<\/figcaption><\/figure><\/a><\/div><\/div><div class=\"col-12 col-sm-6 col-xl-3\"><div class=\"service\"><a href=\"https:\/\/www.inventionquebec.ca\/fr\/service\/dessin-industriel\/\"><figure><img src=\"https:\/\/www.inventionquebec.ca\/wp-content\/themes\/yannickweb-child\/assets\/images\/dessin-industriel.png\" class=\"\" alt=\"Dessin industriel\"><figcaption><strong>Dessin industriel <\/strong>Prot\u00e9gez la forme de votre produit<\/figcaption><\/figure><\/a><\/div><\/div><div class=\"col-12 col-sm-6 col-xl-3\"><div class=\"service\"><a href=\"https:\/\/www.inventionquebec.ca\/fr\/service\/marque-de-commerce\/\"><figure><img src=\"https:\/\/www.inventionquebec.ca\/wp-content\/themes\/yannickweb-child\/assets\/images\/marque-de-commerce.png\" class=\"\" alt=\"Marque de commerce\"><figcaption><strong>Marque de commerce <\/strong>Prot\u00e9gez votre nom et logo de marque<\/figcaption><\/figure><\/a><\/div><\/div><div class=\"col-12 col-sm-6 col-xl-3\"><div class=\"service\"><a href=\"https:\/\/www.inventionquebec.ca\/fr\/service\/droit-dauteur\/\"><figure><img src=\"https:\/\/www.inventionquebec.ca\/wp-content\/themes\/yannickweb-child\/assets\/images\/droit-dauteur.png\" class=\"\" alt=\"Droit d'auteur\"><figcaption><strong>Droit d'auteur <\/strong>Prot\u00e9gez votre jeu de table<\/figcaption><\/figure><\/a><\/div><\/div><\/div><\/div><\/div>\n<\/p><\/div>\n<p><!-- \/lc-block -->\n\t\t\t\t<\/div>\n<p><!-- \/col -->\n\t\t\t<\/div>\n<\/p><\/div>\n<\/section>\n<section class=\"text-container\">\n<div class=\"container\">\n<div class=\"row\">\n<div class=\"col-12 col-lg-6\">\n<div class=\"lc-block\">\n<div editable=\"rich\">\n<h1 class=\"mb-4 mt-0\">QUI EST INVENTION QU\u00c9BEC?<\/h1>\n<p>Depuis pr\u00e8s de 50 ans, Invention Qu\u00e9bec met \u00e0 disposition des inventeurs et des PME le savoir-faire de son \u00e9quipe pour la pr\u00e9paration, le d\u00e9p\u00f4t et l&rsquo;obtention de brevet provisoire, brevet, dessin industriel, marque de commerce et droit d&rsquo;auteur, et ce, aux niveaux national et international.<\/p>\n<p>Invention Qu\u00e9bec offre des services en propri\u00e9t\u00e9 intellectuelle qui sont \u00e0 la fois parmi les plus abordables et d&rsquo;un niveau de qualit\u00e9 et de professionnalisme reconnu au Canada. C&rsquo;est d&rsquo;ailleurs gr\u00e2ce \u00e0 la confiance des inventeurs et plus de 10,500 dossiers trait\u00e9s \u00e0 ce jour qu\u2019Invention Qu\u00e9bec vous fait b\u00e9n\u00e9ficier des meilleurs prix et services qui soient pour l\u2019obtention de brevets.<\/p>\n<a class=\"contact btn\" href=\"https:\/\/www.inventionquebec.ca\/fr\/a-propos\/\" aria-label=\"En savoir plus\">En savoir plus<\/a>\n<\/p><\/div>\n<\/p><\/div>\n<p><!-- \/lc-block -->\n\t\t\t\t<\/div>\n<p><!-- \/col --><\/p>\n<div class=\"col-12 col-lg-6\">\n<div class=\"lc-block\">\n<div editable=\"rich\">\n<h2>COMMENT PROC\u00c9DER?<\/h2>\n<p>Si vous souhaitez obtenir un brevet provisoire, un brevet, un dessin industriel, une marque de commerce ou un droit d&rsquo;auteur, Invention Qu\u00e9bec et son \u00e9quipe vous accompagnent et vous conseillent tout au long du processus.<\/p>\n<p class=\"mb-0\">Voici un aper\u00e7u global du processus d&rsquo;obtention d&rsquo;une propri\u00e9t\u00e9 intellectuelle avec Invention Qu\u00e9bec :<\/p>\n<ol>\n<li>Compl\u00e9tez le <a href=\"\/wp-content\/uploads\/2022\/03\/Invention_Quebec_formulaire_Fr.pdf\" target=\"_blank\" rel=\"noopener\">formulaire<\/a> de divulgation confidentielle<\/li>\n<li><a class=\"\" href=\"https:\/\/www.inventionquebec.ca\/fr\/nous-joindre\/\" aria-label=\"Contactez-nous\">Contactez-nous<\/a> pour planifier une consultation gratuite<\/li>\n<li>Suite \u00e0 la consultation, un accus\u00e9 de r\u00e9ception du formulaire sign\u00e9 et dat\u00e9 par un de nos repr\u00e9sentants vous sera remis.<\/li>\n<\/ol>\n<a class=\"contact btn\" href=\"https:\/\/www.inventionquebec.ca\/fr\/comment-proceder\/\" aria-label=\"En savoir plus\">En savoir plus<\/a>\n<\/p><\/div>\n<\/p><\/div>\n<p><!-- \/lc-block -->\n\t\t\t\t<\/div>\n<p><!-- \/col -->\n\t\t\t<\/div>\n<\/p><\/div>\n<\/section>\n<\/div>\n","protected":false},"excerpt":{"rendered":"<p>QUI EST INVENTION QU\u00c9BEC? Depuis pr\u00e8s de 50 ans, Invention Qu\u00e9bec met \u00e0 disposition des inventeurs et des PME le savoir-faire de son \u00e9quipe pour la pr\u00e9paration, le d\u00e9p\u00f4t et l&rsquo;obtention de brevet provisoire, brevet, dessin industriel, marque de commerce et droit d&rsquo;auteur, et ce, aux niveaux national et international. Invention Qu\u00e9bec offre des services [&hellip;]<\/p>\n","protected":false},"author":1,"featured_media":0,"parent":0,"menu_order":0,"comment_status":"closed","ping_status":"open","template":"","meta":[],"acf":[],"_links":{"self":[{"href":"https:\/\/www.inventionquebec.ca\/fr\/wp-json\/wp\/v2\/pages\/2"}],"collection":[{"href":"https:\/\/www.inventionquebec.ca\/fr\/wp-json\/wp\/v2\/pages"}],"about":[{"href":"https:\/\/www.inventionquebec.ca\/fr\/wp-json\/wp\/v2\/types\/page"}],"author":[{"embeddable":true,"href":"https:\/\/www.inventionquebec.ca\/fr\/wp-json\/wp\/v2\/users\/1"}],"replies":[{"embeddable":true,"href":"https:\/\/www.inventionquebec.ca\/fr\/wp-json\/wp\/v2\/comments?post=2"}],"version-history":[{"count":85,"href":"https:\/\/www.inventionquebec.ca\/fr\/wp-json\/wp\/v2\/pages\/2\/revisions"}],"predecessor-version":[{"id":2468,"href":"https:\/\/www.inventionquebec.ca\/fr\/wp-json\/wp\/v2\/pages\/2\/revisions\/2468"}],"wp:attachment":[{"href":"https:\/\/www.inventionquebec.ca\/fr\/wp-json\/wp\/v2\/media?parent=2"}],"curies":[{"name":"wp","href":"https:\/\/api.w.org\/{rel}","templated":true}]}}