{"id":20,"date":"2021-09-01T10:02:08","date_gmt":"2021-09-01T14:02:08","guid":{"rendered":"https:\/\/www.inventionquebec.ca\/?page_id=20"},"modified":"2024-05-02T11:54:19","modified_gmt":"2024-05-02T15:54:19","slug":"a-propos","status":"publish","type":"page","link":"https:\/\/www.inventionquebec.ca\/fr\/a-propos\/","title":{"rendered":"\u00c0 Propos"},"content":{"rendered":"<div class=\"a-propos\">\n<section>\n<div lc-helper=\"shortcode\" class=\"live-shortcode\"><div id=\"metaslider-id-1160\" style=\"width: 100%;\" class=\"ml-slider-3-27-0 metaslider metaslider-flex metaslider-1160 ml-slider nav-hidden\">\n    <div id=\"metaslider_container_1160\">\n        <div id=\"metaslider_1160\">\n            <ul aria-live=\"polite\" class=\"slides\">\n                <li style=\"display: block; width: 100%;\" class=\"slide-1178 ms-image\"><img src=\"https:\/\/www.inventionquebec.ca\/wp-content\/uploads\/2023\/10\/Fr_Banner.jpg\" height=\"544\" width=\"1920\" alt=\"\" class=\"slider-1160 slide-1178\" title=\"Fr_Banner\" \/><\/li>\n                <li style=\"display: none; width: 100%;\" class=\"slide-1177 ms-image\"><img src=\"https:\/\/www.inventionquebec.ca\/wp-content\/uploads\/2022\/02\/FR_Banniere_4_6-1.png\" height=\"544\" width=\"1920\" alt=\"\" class=\"slider-1160 slide-1177\" title=\"FR_Banniere_4_6\" \/><\/li>\n                <li style=\"display: none; width: 100%;\" class=\"slide-1180 ms-image\"><img src=\"https:\/\/www.inventionquebec.ca\/wp-content\/uploads\/2022\/02\/FR_Banniere_3-1.jpg\" height=\"544\" width=\"1920\" alt=\"\" class=\"slider-1160 slide-1180\" title=\"FR_Banniere_3\" \/><\/li>\n                <li style=\"display: none; width: 100%;\" class=\"slide-1179 ms-image\"><img src=\"https:\/\/www.inventionquebec.ca\/wp-content\/uploads\/2022\/02\/FR_Banniere_2_2-1.png\" height=\"544\" width=\"1920\" alt=\"\" class=\"slider-1160 slide-1179\" title=\"FR_Banniere_2_2\" \/><\/li>\n            <\/ul>\n        <\/div>\n        \n    <\/div>\n<\/div><\/div>\n<\/section>\n<section class=\"text-container\">\n<div class=\"container\">\n<div class=\"row\">\n<div class=\"col-12 col-lg\">\n<div class=\"lc-block\">\n<div editable=\"rich\">\n<h1>QUI EST INVENTION QU\u00c9BEC?<\/h1>\n<p>Invention Qu\u00e9bec Inc. a \u00e9t\u00e9 fond\u00e9e en mars 1972 dans le cadre du programme f\u00e9d\u00e9ral intitul\u00e9 : \u00ab Initiatives Locales \u00bb et l\u2019organisme, \u00e9tait connu \u00e0 l\u2019\u00e9poque sous le nom d\u2019\u00ab Innovation Qu\u00e9bec \u00bb financ\u00e9 par une subvention du Minist\u00e8re f\u00e9d\u00e9ral de la Main-d\u2019\u0153uvre et de l\u2019Immigration.<\/p>\n<p>Le 26 octobre 1972, \u00ab Innovation Qu\u00e9bec \u00bb est devenue un organisme sans but lucratif au sens de la loi des compagnies du Qu\u00e9bec op\u00e9rant d\u00e9sormais sous la nouvelle raison sociale de Invention Qu\u00e9bec Inc. Dont la mission est de promouvoir l\u2019inventivit\u00e9 au Qu\u00e9bec.<\/p>\n<\/p>\n<p>Pendant toutes ces d\u00e9cennies, l\u2019\u00e9quipe d\u2019Invention Qu\u00e9bec a mis son savoir-faire et son expertise \u00e0 disposition des particuliers, entrepreneurs et dirigeants de PME pour prot\u00e9ger leur invention et cr\u00e9ativit\u00e9 en leur offrant des services en propri\u00e9t\u00e9 intellectuelle et les accompagnant pour la demande, le d\u00e9p\u00f4t et l&rsquo;obtention de de brevet provisoire, brevet, dessin industriel, marque de commerce ou droit d\u2019auteur, partout au Qu\u00e9bec et au Canada avec des honoraires qui d\u00e9fient toute concurrence.<\/p>\n<\/p>\n<p>Plus de 10 500 dossiers clients au Canada ont \u00e9t\u00e9 pris en charge par Invention Qu\u00e9bec depuis sa cr\u00e9ation, pour aider les inventeurs qu\u00e9b\u00e9cois et canadiens \u00e0 pr\u00e9parer, d\u00e9poser et obtenir leurs brevets provisoires, brevets, dessin industriel, marque de commerce ou droit d\u2019auteur, partout au Qu\u00e9bec et au Canada.<\/p>\n<h2>CHEZ INVENTION QU\u00c9BEC, NOUS AVONS UNE \u00c9QUIPE D\u00c9DI\u00c9E POUR VOTRE PROPRI\u00c9T\u00c9 INTELLECTUELLE PARTOUT AU QU\u00c9BEC ET AU CANADA<\/h2>\n<p>Tout mandat en propri\u00e9t\u00e9 intellectuelle que vous nous confiez chez Invention Qu\u00e9bec est pris en charge sous entente de confidentialit\u00e9 par notre \u00e9quipe de professionnels ind\u00e9pendants incluant des agents de brevets agr\u00e9\u00e9s, des ing\u00e9nieurs membres de l&rsquo;OIQ, des recherchistes et dessinateurs professionnels d&rsquo;exp\u00e9rience en propri\u00e9t\u00e9 intellectuelle. Invention Qu\u00e9bec a n\u00e9goci\u00e9 des ententes avec ceux-ci afin de vous faire b\u00e9n\u00e9ficier des meilleurs prix pour leurs services pour que votre invention voit le jour.<\/p>\n<p class=\"mb-0\"><a class=\"contact btn\" href=\"https:\/\/www.inventionquebec.ca\/fr\/a-propos\/equipe\/\" aria-label=\"En savoir plus\">En savoir plus<\/a><\/p>\n<\/p><\/div>\n<\/p><\/div>\n<p><!-- \/lc-block -->\n\t\t\t\t<\/div>\n<p><!-- \/col --><\/p>\n<div class=\"col-5 col-xxl-auto d-none d-lg-block\">\n<div class=\"lc-block\">\n\t\t\t\t\t\t<picture><source srcset=\"https:\/\/www.inventionquebec.ca\/wp-content\/uploads\/2021\/09\/homme-devant-tableau.webp\" type=\"image\/webp\"><picture><source srcset=\"https:\/\/www.inventionquebec.ca\/wp-content\/uploads\/2021\/09\/homme-devant-tableau.webp\" type=\"image\/webp\"><picture><source srcset=\"https:\/\/www.inventionquebec.ca\/wp-content\/uploads\/2021\/09\/homme-devant-tableau.webp\" type=\"image\/webp\"><picture><source srcset=\"https:\/\/www.inventionquebec.ca\/wp-content\/uploads\/2021\/09\/homme-devant-tableau.webp\" type=\"image\/webp\"><img class=\"img-fluid\" src=\"https:\/\/www.inventionquebec.ca\/wp-content\/uploads\/2021\/09\/homme-devant-tableau.jpg\" alt=\"\"><\/picture><\/picture><\/picture><\/picture>\n\t\t\t\t\t<\/div>\n<p><!-- \/lc-block -->\n\t\t\t\t<\/div>\n<p><!-- \/col -->\n\t\t\t<\/div>\n<\/p><\/div>\n<\/section>\n<\/div>\n","protected":false},"excerpt":{"rendered":"<p>QUI EST INVENTION QU\u00c9BEC? Invention Qu\u00e9bec Inc. a \u00e9t\u00e9 fond\u00e9e en mars 1972 dans le cadre du programme f\u00e9d\u00e9ral intitul\u00e9 : \u00ab Initiatives Locales \u00bb et l\u2019organisme, \u00e9tait connu \u00e0 l\u2019\u00e9poque sous le nom d\u2019\u00ab Innovation Qu\u00e9bec \u00bb financ\u00e9 par une subvention du Minist\u00e8re f\u00e9d\u00e9ral de la Main-d\u2019\u0153uvre et de l\u2019Immigration. Le 26 octobre 1972, [&hellip;]<\/p>\n","protected":false},"author":1,"featured_media":0,"parent":0,"menu_order":0,"comment_status":"closed","ping_status":"closed","template":"page-templates\/empty.php","meta":[],"acf":[],"_links":{"self":[{"href":"https:\/\/www.inventionquebec.ca\/fr\/wp-json\/wp\/v2\/pages\/20"}],"collection":[{"href":"https:\/\/www.inventionquebec.ca\/fr\/wp-json\/wp\/v2\/pages"}],"about":[{"href":"https:\/\/www.inventionquebec.ca\/fr\/wp-json\/wp\/v2\/types\/page"}],"author":[{"embeddable":true,"href":"https:\/\/www.inventionquebec.ca\/fr\/wp-json\/wp\/v2\/users\/1"}],"replies":[{"embeddable":true,"href":"https:\/\/www.inventionquebec.ca\/fr\/wp-json\/wp\/v2\/comments?post=20"}],"version-history":[{"count":38,"href":"https:\/\/www.inventionquebec.ca\/fr\/wp-json\/wp\/v2\/pages\/20\/revisions"}],"predecessor-version":[{"id":2469,"href":"https:\/\/www.inventionquebec.ca\/fr\/wp-json\/wp\/v2\/pages\/20\/revisions\/2469"}],"wp:attachment":[{"href":"https:\/\/www.inventionquebec.ca\/fr\/wp-json\/wp\/v2\/media?parent=20"}],"curies":[{"name":"wp","href":"https:\/\/api.w.org\/{rel}","templated":true}]}}