{"id":23,"date":"2021-09-01T10:02:28","date_gmt":"2021-09-01T14:02:28","guid":{"rendered":"https:\/\/www.inventionquebec.ca\/?page_id=23"},"modified":"2024-05-02T12:01:00","modified_gmt":"2024-05-02T16:01:00","slug":"comment-proceder","status":"publish","type":"page","link":"https:\/\/www.inventionquebec.ca\/fr\/comment-proceder\/","title":{"rendered":"Comment  proc\u00e9der?"},"content":{"rendered":"<div class=\"services\">\n<section>\n<div lc-helper=\"shortcode\" class=\"live-shortcode\"><div id=\"metaslider-id-1160\" style=\"width: 100%;\" class=\"ml-slider-3-27-0 metaslider metaslider-flex metaslider-1160 ml-slider nav-hidden\">\n    <div id=\"metaslider_container_1160\">\n        <div id=\"metaslider_1160\">\n            <ul aria-live=\"polite\" class=\"slides\">\n                <li style=\"display: block; width: 100%;\" class=\"slide-1178 ms-image\"><img src=\"https:\/\/www.inventionquebec.ca\/wp-content\/uploads\/2023\/10\/Fr_Banner.jpg\" height=\"544\" width=\"1920\" alt=\"\" class=\"slider-1160 slide-1178\" title=\"Fr_Banner\" \/><\/li>\n                <li style=\"display: none; width: 100%;\" class=\"slide-1177 ms-image\"><img src=\"https:\/\/www.inventionquebec.ca\/wp-content\/uploads\/2022\/02\/FR_Banniere_4_6-1.png\" height=\"544\" width=\"1920\" alt=\"\" class=\"slider-1160 slide-1177\" title=\"FR_Banniere_4_6\" \/><\/li>\n                <li style=\"display: none; width: 100%;\" class=\"slide-1180 ms-image\"><img src=\"https:\/\/www.inventionquebec.ca\/wp-content\/uploads\/2022\/02\/FR_Banniere_3-1.jpg\" height=\"544\" width=\"1920\" alt=\"\" class=\"slider-1160 slide-1180\" title=\"FR_Banniere_3\" \/><\/li>\n                <li style=\"display: none; width: 100%;\" class=\"slide-1179 ms-image\"><img src=\"https:\/\/www.inventionquebec.ca\/wp-content\/uploads\/2022\/02\/FR_Banniere_2_2-1.png\" height=\"544\" width=\"1920\" alt=\"\" class=\"slider-1160 slide-1179\" title=\"FR_Banniere_2_2\" \/><\/li>\n            <\/ul>\n        <\/div>\n        \n    <\/div>\n<\/div><\/div>\n<\/section>\n<section class=\"text-container\">\n<div class=\"container\">\n<div class=\"row\">\n<div class=\"col-12 col-lg\">\n<div class=\"lc-block\">\n<div editable=\"rich\">\n<h1>COMMENT PROC\u00c9DER POUR OBTENIR UN TITRE DE PROPRI\u00c9T\u00c9 INTELLECTUELLE AU CANADA, USA ET INTERNATIONAL<\/h1>\n<ol>\n<li>Compl\u00e9tez le <a href=\"\/wp-content\/uploads\/2022\/03\/Invention_Quebec_formulaire_Fr.pdf\" target=\"_blank\" rel=\"noopener\">formulaire<\/a> de divulgation confidentielle<\/li>\n<li>R\u00e9servez une consultation gratuite<\/li>\n<li>Suite \u00e0 la consultation, un accus\u00e9 de r\u00e9ception du formulaire sign\u00e9 et dat\u00e9 par un de nos repr\u00e9sentants vous sera remis.<\/li>\n<\/ol>\n<p><strong>Confidentialit\u00e9&nbsp;:<\/strong> en signant et datant votre formulaire de divulgation, Invention Qu\u00e9bec en devient t\u00e9moin, attestant de notre engagement de confidentialit\u00e9.<\/p>\n<p><strong>Service demand\u00e9&nbsp;:<\/strong> Celui-ci sera compl\u00e9t\u00e9 dans le d\u00e9lai prescrit \u00e0 compter de la date o\u00f9 les frais du service sont honor\u00e9s. <\/p>\n<p><strong>Livrables&nbsp;:<\/strong> Les documents produits (demande de brevets provisoires, de brevets complets, etc.) vous sont transmis pour approbation avant leur d\u00e9p\u00f4t au bureau des brevets<\/p>\n<a class=\"contact btn\" href=\"https:\/\/www.inventionquebec.ca\/fr\/nous-joindre\/consultation\" aria-label=\"Consultation gratuite\">Consultation gratuite<\/a>\n<\/p><\/div>\n<\/p><\/div>\n<p><!-- \/lc-block -->\n\t\t\t\t<\/div>\n<p><!-- \/col --><\/p>\n<div class=\"col-4 col-xxl-auto offset-xxl-1 d-none d-lg-block\">\n<div class=\"lc-block\">\n\t\t\t\t\t\t<picture><source srcset=\"https:\/\/www.inventionquebec.ca\/wp-content\/uploads\/2021\/09\/homme-idee.webp\" type=\"image\/webp\"><img class=\"img-fluid\" src=\"https:\/\/www.inventionquebec.ca\/wp-content\/uploads\/2021\/09\/homme-idee.jpg\" alt=\"\"><\/picture>\n\t\t\t\t\t<\/div>\n<p><!-- \/lc-block -->\n\t\t\t\t<\/div>\n<p><!-- \/col -->\n\t\t\t<\/div>\n<\/p><\/div>\n<\/section>\n<section class=\"diagram-container\">\n<div class=\"container\">\n<div class=\"row justify-content-center\">\n<div class=\"col-auto\">\n<div class=\"lc-block\">\n<div lc-helper=\"shortcode\" class=\"live-shortcode\"><div class=\"diagram\"><div class=\"step step-1\"><p><span class=\"text-uppercase\">\u00c9tape 1&nbsp;:<\/span> Lors de la remise de divulgation<\/p><div class=\"row flex-column flex-md-row align-items-center align-items-md-end\"><div class=\"col icon\"><div><div><img src=\"https:\/\/www.inventionquebec.ca\/wp-content\/themes\/yannickweb-child\/assets\/images\/cadenas.png\" class=\"\" alt=\"\"><\/div><p>Divulgation confidentielle<\/p><\/div><\/div><div class=\"col-auto arrow\"><div><img src=\"https:\/\/www.inventionquebec.ca\/wp-content\/themes\/yannickweb-child\/assets\/images\/arrow-right.png\" class=\"img-arrow\" alt=\"\"><\/div><\/div><div class=\"col icon\"><div><div><img src=\"https:\/\/www.inventionquebec.ca\/wp-content\/themes\/yannickweb-child\/assets\/images\/firebase.png\" class=\"\" alt=\"\"><\/div><p>Ouverture de dossier<\/p><\/div><\/div><div class=\"col-auto arrow\"><div><img src=\"https:\/\/www.inventionquebec.ca\/wp-content\/themes\/yannickweb-child\/assets\/images\/arrow-right.png\" class=\"img-arrow\" alt=\"\"><\/div><\/div><div class=\"col icon\"><div><div><img src=\"https:\/\/www.inventionquebec.ca\/wp-content\/themes\/yannickweb-child\/assets\/images\/report.png\" class=\"\" alt=\"\"><\/div><p>Rapport d\u2019analyse<\/p><\/div><\/div><\/div><\/div><div class=\"step step-2\"><p><span class=\"text-uppercase\">\u00c9tape 2&nbsp;:<\/span> Recherche de brevetabilit\u00e9<\/p><img src=\"https:\/\/www.inventionquebec.ca\/wp-content\/themes\/yannickweb-child\/assets\/images\/idea.png\" class=\"\" alt=\"\"><p>L'invention se diff\u00e9rencie des inventions d\u00e9crites dans les brevets trouv\u00e9s<\/p><div class=\"yes-no\"><input type=\"radio\" value=\"yes\" name=\"step-2\" id=\"step-2-yes\" data-step=\"step-3\"><label class=\"yes\" for=\"step-2-yes\">Si oui<\/label><input type=\"radio\" value=\"no\" name=\"step-2\" id=\"step-2-no\" data-step=\"step-3\"><label class=\"no\" for=\"step-2-no\">Si non<\/label><\/div><\/div><div class=\"step step-3\"><p><span class=\"text-uppercase\">\u00c9tape 3&nbsp;:<\/span> D\u00e9p\u00f4t d\u2019une demande de brevet provisoire permettant d\u2019\u00e9tablir une date reconnue dans plus de 170 pays pour une p\u00e9riode d\u2019un an<\/p><img src=\"https:\/\/www.inventionquebec.ca\/wp-content\/themes\/yannickweb-child\/assets\/images\/people.png\" class=\"\" alt=\"\"><p>L\u2019invention suscite de l\u2019int\u00e9r\u00eat aupr\u00e8s de la client\u00e8le cible<\/p><div class=\"yes-no\"><input type=\"radio\" value=\"yes\" name=\"step-3\" id=\"step-3-yes\" data-step=\"step-4\"><label class=\"yes\" for=\"step-3-yes\">Si oui<\/label><input type=\"radio\" value=\"no\" name=\"step-3\" id=\"step-3-no\" data-step=\"step-4\"><label class=\"no\" for=\"step-3-no\">Si non<\/label><\/div><\/div><div class=\"step step-4\"><p><span class=\"text-uppercase\">\u00c9tape 4&nbsp;:<\/span> D\u00e9p\u00f4t d\u2019un brevet dans les pays o\u00f9 l\u2019invention a un potentiel commercial<\/p><\/div><div class=\"step step-no\"><p>Enregistrement d\u2019une protection autre que le brevet (dessin industriel, marque de commerce, droit d\u2019auteur ou abandon du projet)<\/p><p class=\"ou\">ou<\/p><button class=\"abandon\">Abandon du projet<\/button><\/div><\/div><\/div>\n<\/p><\/div>\n<p><!-- \/lc-block -->\n\t\t\t\t<\/div>\n<p><!-- \/col -->\n\t\t\t<\/div>\n<\/p><\/div>\n<\/section>\n<\/div>\n","protected":false},"excerpt":{"rendered":"<p>COMMENT PROC\u00c9DER POUR OBTENIR UN TITRE DE PROPRI\u00c9T\u00c9 INTELLECTUELLE AU CANADA, USA ET INTERNATIONAL Compl\u00e9tez le formulaire de divulgation confidentielle R\u00e9servez une consultation gratuite Suite \u00e0 la consultation, un accus\u00e9 de r\u00e9ception du formulaire sign\u00e9 et dat\u00e9 par un de nos repr\u00e9sentants vous sera remis. Confidentialit\u00e9&nbsp;: en signant et datant votre formulaire de divulgation, Invention [&hellip;]<\/p>\n","protected":false},"author":1,"featured_media":0,"parent":0,"menu_order":0,"comment_status":"closed","ping_status":"closed","template":"","meta":[],"acf":[],"_links":{"self":[{"href":"https:\/\/www.inventionquebec.ca\/fr\/wp-json\/wp\/v2\/pages\/23"}],"collection":[{"href":"https:\/\/www.inventionquebec.ca\/fr\/wp-json\/wp\/v2\/pages"}],"about":[{"href":"https:\/\/www.inventionquebec.ca\/fr\/wp-json\/wp\/v2\/types\/page"}],"author":[{"embeddable":true,"href":"https:\/\/www.inventionquebec.ca\/fr\/wp-json\/wp\/v2\/users\/1"}],"replies":[{"embeddable":true,"href":"https:\/\/www.inventionquebec.ca\/fr\/wp-json\/wp\/v2\/comments?post=23"}],"version-history":[{"count":24,"href":"https:\/\/www.inventionquebec.ca\/fr\/wp-json\/wp\/v2\/pages\/23\/revisions"}],"predecessor-version":[{"id":2472,"href":"https:\/\/www.inventionquebec.ca\/fr\/wp-json\/wp\/v2\/pages\/23\/revisions\/2472"}],"wp:attachment":[{"href":"https:\/\/www.inventionquebec.ca\/fr\/wp-json\/wp\/v2\/media?parent=23"}],"curies":[{"name":"wp","href":"https:\/\/api.w.org\/{rel}","templated":true}]}}