{"id":294,"date":"2021-09-22T10:34:10","date_gmt":"2021-09-22T14:34:10","guid":{"rendered":"https:\/\/www.inventionquebec.ca\/?page_id=294"},"modified":"2024-05-02T12:55:30","modified_gmt":"2024-05-02T16:55:30","slug":"services-aux-pme","status":"publish","type":"page","link":"https:\/\/www.inventionquebec.ca\/fr\/services-aux-pme\/","title":{"rendered":"Services aux PME"},"content":{"rendered":"<div class=\"pme\">\n<section>\n<div lc-helper=\"shortcode\" class=\"live-shortcode\"><div id=\"metaslider-id-1160\" style=\"width: 100%;\" class=\"ml-slider-3-27-0 metaslider metaslider-flex metaslider-1160 ml-slider nav-hidden\">\n    <div id=\"metaslider_container_1160\">\n        <div id=\"metaslider_1160\">\n            <ul aria-live=\"polite\" class=\"slides\">\n                <li style=\"display: block; width: 100%;\" class=\"slide-1178 ms-image\"><img src=\"https:\/\/www.inventionquebec.ca\/wp-content\/uploads\/2023\/10\/Fr_Banner.jpg\" height=\"544\" width=\"1920\" alt=\"\" class=\"slider-1160 slide-1178\" title=\"Fr_Banner\" \/><\/li>\n                <li style=\"display: none; width: 100%;\" class=\"slide-1177 ms-image\"><img src=\"https:\/\/www.inventionquebec.ca\/wp-content\/uploads\/2022\/02\/FR_Banniere_4_6-1.png\" height=\"544\" width=\"1920\" alt=\"\" class=\"slider-1160 slide-1177\" title=\"FR_Banniere_4_6\" \/><\/li>\n                <li style=\"display: none; width: 100%;\" class=\"slide-1180 ms-image\"><img src=\"https:\/\/www.inventionquebec.ca\/wp-content\/uploads\/2022\/02\/FR_Banniere_3-1.jpg\" height=\"544\" width=\"1920\" alt=\"\" class=\"slider-1160 slide-1180\" title=\"FR_Banniere_3\" \/><\/li>\n                <li style=\"display: none; width: 100%;\" class=\"slide-1179 ms-image\"><img src=\"https:\/\/www.inventionquebec.ca\/wp-content\/uploads\/2022\/02\/FR_Banniere_2_2-1.png\" height=\"544\" width=\"1920\" alt=\"\" class=\"slider-1160 slide-1179\" title=\"FR_Banniere_2_2\" \/><\/li>\n            <\/ul>\n        <\/div>\n        \n    <\/div>\n<\/div><\/div>\n<\/section>\n<section class=\"text-container pb-3\">\n<div class=\"container\">\n<div class=\"row\">\n<div class=\"col-12 col-lg\">\n<div class=\"lc-block\">\n<div editable=\"rich\">\n<h1>SERVICES AUX PME POUR L\u2019OBTENTION DE BREVETS SUR LEURS INVENTIONS AU QU\u00c9BEC<\/h1>\n<p>Les PME et inventeurs ind\u00e9pendants b\u00e9n\u00e9ficient de notre expertise en propri\u00e9t\u00e9 intellectuelle et plus particuli\u00e8rement en ce qui concerne la recherche d&rsquo;ant\u00e9riorit\u00e9, la pr\u00e9paration, le d\u00e9p\u00f4t et le maintien de brevets portant sur des technologies de pointe au Qu\u00e9bec et au Canada. Ci-apr\u00e8s sont des exemples de cette expertise.<\/p>\n<h3>Domaine m\u00e9dical<\/h3>\n<ul>\n<li>Cath\u00e9ter pour \u00e9lectrochirurgie<\/li>\n<li>Proth\u00e8se valvulaire mitrale<\/li>\n<li>Al\u00e9soire ac\u00e9tabulaire<\/li>\n<li>Lentille intra-oculaire<\/li>\n<li>Injecteur dermo-jet<\/li>\n<li>Bracelet f\u00e9moral<\/li>\n<li>M\u00e9thode d&rsquo;encodage spectroscopique d&rsquo;\u00e9chantillon<\/li>\n<li>Dispositif de maturation cervicale<\/li>\n<\/ul><\/div>\n<\/p><\/div>\n<p><!-- \/lc-block --><br \/>\n\t\t\t\t\t<!-- \/lc-block -->\n\t\t\t\t<\/div>\n<p><!-- \/col --><\/p>\n<div class=\"col-5 col-xxl-auto offset-xxl-1 d-none d-lg-block\">\n<div class=\"lc-block\">\n\t\t\t\t\t\t<picture><source srcset=\"https:\/\/www.inventionquebec.ca\/wp-content\/uploads\/2021\/09\/femme-levant-logo.webp\" type=\"image\/webp\"><img class=\"img-fluid\" src=\"https:\/\/www.inventionquebec.ca\/wp-content\/uploads\/2021\/09\/femme-levant-logo.jpg\" alt=\"\"><\/picture>\n\t\t\t\t\t<\/div>\n<p><!-- \/lc-block -->\n\t\t\t\t<\/div>\n<p><!-- \/col -->\n\t\t\t<\/div>\n<\/p><\/div>\n<\/section>\n<section class=\"text-container pt-3\">\n<div class=\"container\">\n<div class=\"row\">\n<div class=\"col-5 col-xxl-auto offset-xxl-1 d-none d-lg-block\">\n<div class=\"lc-block\">\n\t\t\t\t\t\t<picture><source srcset=\"https:\/\/www.inventionquebec.ca\/wp-content\/uploads\/2021\/09\/femme-laptop.webp\" type=\"image\/webp\"><img class=\"img-fluid\" src=\"https:\/\/www.inventionquebec.ca\/wp-content\/uploads\/2021\/09\/femme-laptop.jpg\" alt=\"\"><\/picture>\n\t\t\t\t\t<\/div>\n<p><!-- \/lc-block --><br \/>\n\t\t\t\t\t<\/p>\n<a class=\"contact btn\" href=\"https:\/\/www.inventionquebec.ca\/fr\/nous-joindre\/consultation\" aria-label=\"Consultation gratuite\">Consultation gratuite<\/a>\n<\/p><\/div>\n<p><!-- \/col --><\/p>\n<div class=\"col\">\n<div class=\"lc-block\">\n<div editable=\"rich\">\n<h3>Ordinateurs et r\u00e9seautique <\/h3>\n<ul>\n<li>M\u00e9thode de fabrication de fibre optique<\/li>\n<li>M\u00e9thode de jonction de fibres optiques par laser<\/li>\n<li>Connecteur de fibre optique<\/li>\n<li>S\u00e9lecteur de p\u00e9riph\u00e9riques<\/li>\n<\/ul>\n<h3>Cha\u00eene et proc\u00e9d\u00e9 de production<\/h3>\n<ul>\n<li>Station encapsuleur<\/li>\n<li>Convoyeur \u00e0 chariots servocommand\u00e9s<\/li>\n<li>T\u00eate variable pour m\u00e9langeur<\/li>\n<li>Syst\u00e8me de gestion de poutres de m\u00e9tal<\/li>\n<li>Proc\u00e9d\u00e9 d&rsquo;\u00e9puration de rejets d&rsquo;eau miniers<\/li>\n<\/ul>\n<h3>Mines et foresterie<\/h3>\n<ul>\n<li>Amortisseur de son pour \u00e9quipement de forage<\/li>\n<li>Tr\u00e9pan de forage<\/li>\n<li>Dispositif pour manutention d&rsquo;explosifs<\/li>\n<li>\u00c9mondeur hydraulique sur grue<\/li>\n<li>Creuseur de tranch\u00e9e<\/li>\n<li>R\u00e9gulateur de d\u00e9bit de p\u00e9trole pour tube de forage<\/li>\n<\/ul>\n<p class=\"d-lg-none\"><a class=\"contact btn\" href=\"https:\/\/www.inventionquebec.ca\/fr\/nous-joindre\/consultation\" aria-label=\"Consultation gratuite\">Consultation gratuite<\/a><\/p>\n<\/p><\/div>\n<\/p><\/div>\n<p><!-- \/lc-block -->\n\t\t\t\t<\/div>\n<p><!-- \/col -->\n\t\t\t<\/div>\n<\/p><\/div>\n<\/section>\n<\/div>\n","protected":false},"excerpt":{"rendered":"<p>SERVICES AUX PME POUR L\u2019OBTENTION DE BREVETS SUR LEURS INVENTIONS AU QU\u00c9BEC Les PME et inventeurs ind\u00e9pendants b\u00e9n\u00e9ficient de notre expertise en propri\u00e9t\u00e9 intellectuelle et plus particuli\u00e8rement en ce qui concerne la recherche d&rsquo;ant\u00e9riorit\u00e9, la pr\u00e9paration, le d\u00e9p\u00f4t et le maintien de brevets portant sur des technologies de pointe au Qu\u00e9bec et au Canada. Ci-apr\u00e8s [&hellip;]<\/p>\n","protected":false},"author":1,"featured_media":0,"parent":0,"menu_order":0,"comment_status":"closed","ping_status":"closed","template":"","meta":[],"acf":[],"_links":{"self":[{"href":"https:\/\/www.inventionquebec.ca\/fr\/wp-json\/wp\/v2\/pages\/294"}],"collection":[{"href":"https:\/\/www.inventionquebec.ca\/fr\/wp-json\/wp\/v2\/pages"}],"about":[{"href":"https:\/\/www.inventionquebec.ca\/fr\/wp-json\/wp\/v2\/types\/page"}],"author":[{"embeddable":true,"href":"https:\/\/www.inventionquebec.ca\/fr\/wp-json\/wp\/v2\/users\/1"}],"replies":[{"embeddable":true,"href":"https:\/\/www.inventionquebec.ca\/fr\/wp-json\/wp\/v2\/comments?post=294"}],"version-history":[{"count":39,"href":"https:\/\/www.inventionquebec.ca\/fr\/wp-json\/wp\/v2\/pages\/294\/revisions"}],"predecessor-version":[{"id":2477,"href":"https:\/\/www.inventionquebec.ca\/fr\/wp-json\/wp\/v2\/pages\/294\/revisions\/2477"}],"wp:attachment":[{"href":"https:\/\/www.inventionquebec.ca\/fr\/wp-json\/wp\/v2\/media?parent=294"}],"curies":[{"name":"wp","href":"https:\/\/api.w.org\/{rel}","templated":true}]}}