{"id":515,"date":"2021-09-28T15:44:39","date_gmt":"2021-09-28T19:44:39","guid":{"rendered":"https:\/\/www.inventionquebec.ca\/?page_id=515"},"modified":"2022-02-02T16:03:05","modified_gmt":"2022-02-02T21:03:05","slug":"diverses-inventions","status":"publish","type":"page","link":"https:\/\/www.inventionquebec.ca\/fr\/diverses-inventions\/","title":{"rendered":"Diverses inventions"},"content":{"rendered":"<section>\n<div lc-helper=\"shortcode\" class=\"live-shortcode\"><div id=\"metaslider-id-1160\" style=\"width: 100%;\" class=\"ml-slider-3-27-0 metaslider metaslider-flex metaslider-1160 ml-slider nav-hidden\">\n    <div id=\"metaslider_container_1160\">\n        <div id=\"metaslider_1160\">\n            <ul aria-live=\"polite\" class=\"slides\">\n                <li style=\"display: block; width: 100%;\" class=\"slide-1178 ms-image\"><img src=\"https:\/\/www.inventionquebec.ca\/wp-content\/uploads\/2023\/10\/Fr_Banner.jpg\" height=\"544\" width=\"1920\" alt=\"\" class=\"slider-1160 slide-1178\" title=\"Fr_Banner\" \/><\/li>\n                <li style=\"display: none; width: 100%;\" class=\"slide-1177 ms-image\"><img src=\"https:\/\/www.inventionquebec.ca\/wp-content\/uploads\/2022\/02\/FR_Banniere_4_6-1.png\" height=\"544\" width=\"1920\" alt=\"\" class=\"slider-1160 slide-1177\" title=\"FR_Banniere_4_6\" \/><\/li>\n                <li style=\"display: none; width: 100%;\" class=\"slide-1180 ms-image\"><img src=\"https:\/\/www.inventionquebec.ca\/wp-content\/uploads\/2022\/02\/FR_Banniere_3-1.jpg\" height=\"544\" width=\"1920\" alt=\"\" class=\"slider-1160 slide-1180\" title=\"FR_Banniere_3\" \/><\/li>\n                <li style=\"display: none; width: 100%;\" class=\"slide-1179 ms-image\"><img src=\"https:\/\/www.inventionquebec.ca\/wp-content\/uploads\/2022\/02\/FR_Banniere_2_2-1.png\" height=\"544\" width=\"1920\" alt=\"\" class=\"slider-1160 slide-1179\" title=\"FR_Banniere_2_2\" \/><\/li>\n            <\/ul>\n        <\/div>\n        \n    <\/div>\n<\/div><\/div>\n<\/section>\n<section class=\"text-container\">\n<div class=\"container\">\n<div class=\"row\">\n<div class=\"col-12\">\n<div class=\"lc-block mt-4\">\n<div editable=\"rich\">\n<h2>Nos r\u00e9alisations<\/h2>\n<p> Avec l&rsquo;aide d&rsquo;Invention Qu\u00e9bec, plusieurs inventeurs ont pu prot\u00e9ger leurs innovations en obtenant des propri\u00e9t\u00e9s intellectuelles. D\u00e9couvrez quelques un des milliers de dossiers qui nous ont \u00e9t\u00e9 confi\u00e9s pour un accompagnement et assistance \u00e0 l\u2019obtention de leurs propri\u00e9t\u00e9s intellectuelles.\n\t\t\t\t\t\t<\/p>\n<\/p><\/div>\n<\/p><\/div>\n<p><!-- \/lc-block -->\n\t\t\t<\/div>\n<p><!-- \/col -->\n\t\t<\/div>\n<\/p><\/div>\n<\/section>\n<section>\n<div lc-helper=\"shortcode\" class=\"live-shortcode\"><div class=\"realisations-container\"><div class=\"container\"><div class=\"single-realisation\"><div class=\"row align-items-center\"><div class=\"col-12 col-lg-4 \"><div class=\"realisation-img\"><img width=\"591\" height=\"363\" src=\"https:\/\/www.inventionquebec.ca\/wp-content\/uploads\/2021\/10\/19.png\" class=\"skip-lazy\" alt=\"\" loading=\"lazy\" srcset=\"https:\/\/www.inventionquebec.ca\/wp-content\/uploads\/2021\/10\/19.png 591w, https:\/\/www.inventionquebec.ca\/wp-content\/uploads\/2021\/10\/19-300x184.png 300w, https:\/\/www.inventionquebec.ca\/wp-content\/uploads\/2021\/10\/19-488x300.png 488w\" sizes=\"(max-width: 591px) 100vw, 591px\" \/><\/div><\/div><div class=\"col-12 col-lg-8 \"><div class=\"realisation-content\"><p><b>Alu Composite Inc.<\/b> est un sp\u00e9cialiste de la fabrication de pi\u00e8ces de syst\u00e8me d\u2019enveloppe de b\u00e2timent et a fait affaire avec Invention Qu\u00e9bec pour prot\u00e9ger ses innovations et optenir ses propri\u00e9t\u00e9s intellectuelles.<\/p>\n<p><b>Alu Composite Inc. <\/b>est un leader dans le domaine en tant que distributeur des meilleurs syst\u00e8mes de panneaux en Am\u00e9rique du Nord et distributeur canadien de <b>Laminators Inc.<\/b><\/p>\n<\/div><\/div><\/div><\/div><div class=\"single-realisation\"><div class=\"row align-items-center\"><div class=\"col-12 col-lg-4 order-first order-lg-last\"><div class=\"realisation-img\"><div class=\"flexslider\"><ul class=\"slides\"><li><img width=\"561\" height=\"452\" src=\"https:\/\/www.inventionquebec.ca\/wp-content\/uploads\/2021\/10\/9.png\" class=\"skip-lazy\" alt=\"\" loading=\"lazy\" srcset=\"https:\/\/www.inventionquebec.ca\/wp-content\/uploads\/2021\/10\/9.png 561w, https:\/\/www.inventionquebec.ca\/wp-content\/uploads\/2021\/10\/9-300x242.png 300w, https:\/\/www.inventionquebec.ca\/wp-content\/uploads\/2021\/10\/9-372x300.png 372w\" sizes=\"(max-width: 561px) 100vw, 561px\" \/><\/li><li><img width=\"265\" height=\"241\" src=\"https:\/\/www.inventionquebec.ca\/wp-content\/uploads\/2021\/10\/8.png\" class=\"skip-lazy\" alt=\"\" loading=\"lazy\" \/><\/li><\/ul><\/div><\/div><\/div><div class=\"col-12 col-lg-8 order-last order-lg-first\"><div class=\"realisation-content\"><p><b>Bloco <\/b>est un jeu de construction unique, innovant et brevet\u00e9 avec l'aide d'Invention Qu\u00e9bec!<\/p>\n<p>\u00c9lu dans le palmar\u00e8s des 10 meilleurs jouets au Canada en 2014 selon le Conseil canadien d'\u00e9valuation des jouets,.<\/p>\n<p>Ce jouet qu\u00e9b\u00e9cois , dont sa cr\u00e9ation a \u00e9t\u00e9 prot\u00e9g\u00e9e par des propri\u00e9t\u00e9s intellectuelles, est aujourd'hui distribu\u00e9 dans une trentaine de pays.<\/p>\n<\/div><\/div><\/div><\/div><div class=\"single-realisation\"><div class=\"row align-items-center\"><div class=\"col-12 col-lg-4 \"><div class=\"realisation-img\"><div class=\"flexslider\"><ul class=\"slides\"><li><img width=\"650\" height=\"430\" src=\"https:\/\/www.inventionquebec.ca\/wp-content\/uploads\/2021\/10\/23.png\" class=\"skip-lazy\" alt=\"\" loading=\"lazy\" srcset=\"https:\/\/www.inventionquebec.ca\/wp-content\/uploads\/2021\/10\/23.png 650w, https:\/\/www.inventionquebec.ca\/wp-content\/uploads\/2021\/10\/23-300x198.png 300w, https:\/\/www.inventionquebec.ca\/wp-content\/uploads\/2021\/10\/23-453x300.png 453w\" sizes=\"(max-width: 650px) 100vw, 650px\" \/><\/li><li><img width=\"302\" height=\"410\" src=\"https:\/\/www.inventionquebec.ca\/wp-content\/uploads\/2021\/10\/22.png\" class=\"skip-lazy\" alt=\"\" loading=\"lazy\" srcset=\"https:\/\/www.inventionquebec.ca\/wp-content\/uploads\/2021\/10\/22.png 302w, https:\/\/www.inventionquebec.ca\/wp-content\/uploads\/2021\/10\/22-221x300.png 221w\" sizes=\"(max-width: 302px) 100vw, 302px\" \/><\/li><li><img width=\"200\" height=\"338\" src=\"https:\/\/www.inventionquebec.ca\/wp-content\/uploads\/2021\/10\/21.png\" class=\"skip-lazy\" alt=\"\" loading=\"lazy\" srcset=\"https:\/\/www.inventionquebec.ca\/wp-content\/uploads\/2021\/10\/21.png 200w, https:\/\/www.inventionquebec.ca\/wp-content\/uploads\/2021\/10\/21-178x300.png 178w\" sizes=\"(max-width: 200px) 100vw, 200px\" \/><\/li><li><img width=\"184\" height=\"305\" src=\"https:\/\/www.inventionquebec.ca\/wp-content\/uploads\/2021\/10\/20.png\" class=\"skip-lazy\" alt=\"\" loading=\"lazy\" srcset=\"https:\/\/www.inventionquebec.ca\/wp-content\/uploads\/2021\/10\/20.png 184w, https:\/\/www.inventionquebec.ca\/wp-content\/uploads\/2021\/10\/20-181x300.png 181w\" sizes=\"(max-width: 184px) 100vw, 184px\" \/><\/li><\/ul><\/div><\/div><\/div><div class=\"col-12 col-lg-8 \"><div class=\"realisation-content\"><p><b>Cr\u00e9ations JCT,<\/b> un leader mondial dans le domaine des mascottes et le <b>cr\u00e9ateur de Youppi<\/b> a prot\u00e9g\u00e9 ses cr\u00e9ations avec l'aide d'Invention Qu\u00e9bec en obtenant des propri\u00e9t\u00e9s intelelctuelles !<br \/>\nAvec ses plus de 30 ann\u00e9es d'exp\u00e9rience, <b>Cr\u00e9ations JCT<\/b> confectionne entre 150 et 200 mascottes par ann\u00e9e en moyenne, compte des clients en Am\u00e9rique du Nord, en Asie et m\u00eame au Moyen-Orient.<\/p>\n<\/div><\/div><\/div><\/div><div class=\"single-realisation\"><div class=\"row align-items-center\"><div class=\"col-12 col-lg-4 order-first order-lg-last\"><div class=\"realisation-img\"><div class=\"flexslider\"><ul class=\"slides\"><li><img width=\"320\" height=\"208\" src=\"https:\/\/www.inventionquebec.ca\/wp-content\/uploads\/2021\/10\/11.png\" class=\"skip-lazy\" alt=\"\" loading=\"lazy\" srcset=\"https:\/\/www.inventionquebec.ca\/wp-content\/uploads\/2021\/10\/11.png 320w, https:\/\/www.inventionquebec.ca\/wp-content\/uploads\/2021\/10\/11-300x195.png 300w\" sizes=\"(max-width: 320px) 100vw, 320px\" \/><\/li><li><img width=\"304\" height=\"365\" src=\"https:\/\/www.inventionquebec.ca\/wp-content\/uploads\/2021\/10\/10.png\" class=\"skip-lazy\" alt=\"\" loading=\"lazy\" srcset=\"https:\/\/www.inventionquebec.ca\/wp-content\/uploads\/2021\/10\/10.png 304w, https:\/\/www.inventionquebec.ca\/wp-content\/uploads\/2021\/10\/10-250x300.png 250w\" sizes=\"(max-width: 304px) 100vw, 304px\" \/><\/li><\/ul><\/div><\/div><\/div><div class=\"col-12 col-lg-8 order-last order-lg-first\"><div class=\"realisation-content\"><p><b>Daniel Barolet<\/b> est un pionnier, un chercheur et, avec l'aide d'Invention Qu\u00e9bec, un <b>innovateur d\u00e9tenant plusieurs propri\u00e9t\u00e9s intellectuelles<\/b>.<\/p>\n<p>Gradu\u00e9 des universit\u00e9s McGill, Laval et Montr\u00e9al, le <b>Dr Daniel Barolet <\/b>est un dermatologue sp\u00e9cialis\u00e9 dans l'utilisation des lasers depuis 1991. En 1992, il ouvre la seule clinique au Canada sp\u00e9cialis\u00e9e en laser. Depuis plus de quinze ans, la recherche et le d\u00e9veloppement sont extr\u00eamement importantes dans ses activit\u00e9s via son <b>laboratoire de recherche en optique cutan\u00e9e RoseLab.<\/b><\/p>\n<\/div><\/div><\/div><\/div><div class=\"single-realisation\"><div class=\"row align-items-center\"><div class=\"col-12 col-lg-4 \"><div class=\"realisation-img\"><img width=\"261\" height=\"362\" src=\"https:\/\/www.inventionquebec.ca\/wp-content\/uploads\/2021\/10\/2.png\" class=\"skip-lazy\" alt=\"\" loading=\"lazy\" srcset=\"https:\/\/www.inventionquebec.ca\/wp-content\/uploads\/2021\/10\/2.png 261w, https:\/\/www.inventionquebec.ca\/wp-content\/uploads\/2021\/10\/2-216x300.png 216w\" sizes=\"(max-width: 261px) 100vw, 261px\" \/><\/div><\/div><div class=\"col-12 col-lg-8 \"><div class=\"realisation-content\"><p><b>DEMCO Constructions<\/b> est une compagnie sp\u00e9cialis\u00e9e en travaux de d\u00e9molition et d\u2019excavation et \u00e0 fait affaire avec Invention Qu\u00e9bec pour prot\u00e9ger ses innovations.<\/p>\n<p><b>DEMCO Constructions<\/b> est un leader dans le domaine avec plus de 20 ans d'exp\u00e9rience.<\/p>\n<\/div><\/div><\/div><\/div><div class=\"single-realisation\"><div class=\"row align-items-center\"><div class=\"col-12 col-lg-4 order-first order-lg-last\"><div class=\"realisation-img\"><img width=\"657\" height=\"329\" src=\"https:\/\/www.inventionquebec.ca\/wp-content\/uploads\/2021\/10\/3.png\" class=\"skip-lazy\" alt=\"\" loading=\"lazy\" srcset=\"https:\/\/www.inventionquebec.ca\/wp-content\/uploads\/2021\/10\/3.png 657w, https:\/\/www.inventionquebec.ca\/wp-content\/uploads\/2021\/10\/3-300x150.png 300w, https:\/\/www.inventionquebec.ca\/wp-content\/uploads\/2021\/10\/3-534x267.png 534w\" sizes=\"(max-width: 657px) 100vw, 657px\" \/><\/div><\/div><div class=\"col-12 col-lg-8 order-last order-lg-first\"><div class=\"realisation-content\"><p><b>\u00c9quipements AD-RO<\/b> est sp\u00e9cialis\u00e9e dans la fabrication d'accessoires pour V.T.T et motoneiges et \u00e0 fait affaire avec Invention Qu\u00e9bec pour prot\u00e9ger ses innovations.<\/p>\n<p><b>\u00c9quipements AD-RO<\/b> est un leader dans le domaine avec plus de 20 ans d'exp\u00e9rience.<\/p>\n<\/div><\/div><\/div><\/div><div class=\"single-realisation\"><div class=\"row align-items-center\"><div class=\"col-12 col-lg-4 \"><div class=\"realisation-img\"><div class=\"flexslider\"><ul class=\"slides\"><li><img width=\"486\" height=\"286\" src=\"https:\/\/www.inventionquebec.ca\/wp-content\/uploads\/2021\/10\/7.png\" class=\"skip-lazy\" alt=\"\" loading=\"lazy\" srcset=\"https:\/\/www.inventionquebec.ca\/wp-content\/uploads\/2021\/10\/7.png 486w, https:\/\/www.inventionquebec.ca\/wp-content\/uploads\/2021\/10\/7-300x177.png 300w\" sizes=\"(max-width: 486px) 100vw, 486px\" \/><\/li><li><img width=\"367\" height=\"199\" src=\"https:\/\/www.inventionquebec.ca\/wp-content\/uploads\/2021\/10\/6.png\" class=\"skip-lazy\" alt=\"\" loading=\"lazy\" srcset=\"https:\/\/www.inventionquebec.ca\/wp-content\/uploads\/2021\/10\/6.png 367w, https:\/\/www.inventionquebec.ca\/wp-content\/uploads\/2021\/10\/6-300x163.png 300w\" sizes=\"(max-width: 367px) 100vw, 367px\" \/><\/li><\/ul><\/div><\/div><\/div><div class=\"col-12 col-lg-8 \"><div class=\"realisation-content\"><p>L'<b>i<\/b><b>nnovation d'Aur\u00e8le Courty,<\/b> le <b>coupe-tuyau<\/b>, est une invention qui conna\u00eet encore aujourd'hui un franc succ\u00e8s. <b>Aur\u00e8le Courty <\/b>est un des nombreux inventeurs \u00e0 succ\u00e8s ayant fait appel \u00e0 Invention Qu\u00e9bec pour obtenir de l'aide durant le processus d'obtention de propri\u00e9t\u00e9s intellectuelles.<\/p>\n<p>Cette invention, le <b>coupe-tuyau<\/b>, une conception r\u00e9volutionnaire qui permet de couper manuellement des tuyaux et ce sans difficult\u00e9s rattach\u00e9es au positionnement de l'utilisateur, est encore utilis\u00e9e des d\u00e9cennies apr\u00e8s son \u00e9laboration initiale.<\/p>\n<\/div><\/div><\/div><\/div><div class=\"single-realisation\"><div class=\"row align-items-center\"><div class=\"col-12 col-lg-4 order-first order-lg-last\"><div class=\"realisation-img\"><img width=\"308\" height=\"463\" src=\"https:\/\/www.inventionquebec.ca\/wp-content\/uploads\/2021\/10\/14.png\" class=\"skip-lazy\" alt=\"\" loading=\"lazy\" srcset=\"https:\/\/www.inventionquebec.ca\/wp-content\/uploads\/2021\/10\/14.png 308w, https:\/\/www.inventionquebec.ca\/wp-content\/uploads\/2021\/10\/14-200x300.png 200w\" sizes=\"(max-width: 308px) 100vw, 308px\" \/><\/div><\/div><div class=\"col-12 col-lg-8 order-last order-lg-first\"><div class=\"realisation-content\"><p><b>L'innovation de Daniel Vendette<\/b>, le<b> bec-verseur r\u00e9tractable<\/b>, est une invention qui conna\u00eet encore aujourd'hui un franc succ\u00e8s. <b>Daniel Vendette <\/b>est un des nombreux inventeurs \u00e0 succ\u00e8s ayant fait appel \u00e0 Invention Qu\u00e9bec pour obtenir de l'aide durant le processus d'obtention de propri\u00e9t\u00e9s intellectuelles.<\/p>\n<p><b>Cette invention, le bec-verseur r\u00e9tractable<\/b>, con\u00e7ue pour permettre de refermer des sacs en plastiques et pour \u00e9viter les gaspillages de liquide lave-glace, est encore utilis\u00e9e des d\u00e9cennies apr\u00e8s son \u00e9laboration initiale.<\/p>\n<\/div><\/div><\/div><\/div><div class=\"single-realisation\"><div class=\"row align-items-center\"><div class=\"col-12 col-lg-4 \"><div class=\"realisation-img\"><div class=\"flexslider\"><ul class=\"slides\"><li><img width=\"236\" height=\"193\" src=\"https:\/\/www.inventionquebec.ca\/wp-content\/uploads\/2021\/10\/18.png\" class=\"skip-lazy\" alt=\"\" loading=\"lazy\" \/><\/li><li><img width=\"283\" height=\"272\" src=\"https:\/\/www.inventionquebec.ca\/wp-content\/uploads\/2021\/10\/17.png\" class=\"skip-lazy\" alt=\"\" loading=\"lazy\" \/><\/li><\/ul><\/div><\/div><\/div><div class=\"col-12 col-lg-8 \"><div class=\"realisation-content\"><p>L<b>'innovation de L\u00e9andre Vachon<\/b>, le <b>bec-verseur s\u00e9curitaire<\/b>, est une invention qui conna\u00eet encore aujourd'hui un franc succ\u00e8s. <b>L\u00e9andre Vachon<\/b> est un des nombreux inventeurs \u00e0 succ\u00e8s ayant fait appel \u00e0 Invention Qu\u00e9bec pour obtenir de l'aide durant le processus d'obtention de propri\u00e9t\u00e9s intellectuelles.<\/p>\n<p>Cette invention, le <b>bec-verseur s\u00e9curitaire<\/b>, aura d'ailleurs \u00e9volu\u00e9 en une compagnie : DSD International Inc. qui totalise plus de 30 ans d'exp\u00e9riences et environ 120 employ\u00e9s.<\/p>\n<\/div><\/div><\/div><\/div><div class=\"single-realisation\"><div class=\"row align-items-center\"><div class=\"col-12 col-lg-4 order-first order-lg-last\"><div class=\"realisation-img\"><div class=\"flexslider\"><ul class=\"slides\"><li><img width=\"220\" height=\"297\" src=\"https:\/\/www.inventionquebec.ca\/wp-content\/uploads\/2021\/10\/15.png\" class=\"skip-lazy\" alt=\"\" loading=\"lazy\" \/><\/li><li><img width=\"284\" height=\"307\" src=\"https:\/\/www.inventionquebec.ca\/wp-content\/uploads\/2021\/10\/16.png\" class=\"skip-lazy\" alt=\"\" loading=\"lazy\" srcset=\"https:\/\/www.inventionquebec.ca\/wp-content\/uploads\/2021\/10\/16.png 284w, https:\/\/www.inventionquebec.ca\/wp-content\/uploads\/2021\/10\/16-278x300.png 278w\" sizes=\"(max-width: 284px) 100vw, 284px\" \/><\/li><\/ul><\/div><\/div><\/div><div class=\"col-12 col-lg-8 order-last order-lg-first\"><div class=\"realisation-content\"><p><b>L'innovation de Michel Cyr<\/b>, le <b>range patate<\/b>, est une invention encore utilis\u00e9e aujourd'hui. <b>Michel Cyr<\/b> est un des nombreux inventeurs \u00e0 succ\u00e8s ayant fait appel \u00e0 Invention Qu\u00e9bec pour obtenir de l'aide durant le processus d'obtention de propri\u00e9t\u00e9s intellectuelles.<\/p>\n<p>Cette invention, le <b>range patate<\/b>, est un produit encore grandement commercialis\u00e9 et ce m\u00eame plusieurs d\u00e9cennies apr\u00e8s son d\u00e9veloppement initial.<\/p>\n<\/div><\/div><\/div><\/div><div class=\"single-realisation\"><div class=\"row align-items-center\"><div class=\"col-12 col-lg-4 \"><div class=\"realisation-img\"><div class=\"flexslider\"><ul class=\"slides\"><li><img width=\"240\" height=\"270\" src=\"https:\/\/www.inventionquebec.ca\/wp-content\/uploads\/2021\/10\/13.png\" class=\"skip-lazy\" alt=\"\" loading=\"lazy\" \/><\/li><li><img width=\"310\" height=\"330\" src=\"https:\/\/www.inventionquebec.ca\/wp-content\/uploads\/2021\/10\/12.png\" class=\"skip-lazy\" alt=\"\" loading=\"lazy\" srcset=\"https:\/\/www.inventionquebec.ca\/wp-content\/uploads\/2021\/10\/12.png 310w, https:\/\/www.inventionquebec.ca\/wp-content\/uploads\/2021\/10\/12-282x300.png 282w\" sizes=\"(max-width: 310px) 100vw, 310px\" \/><\/li><\/ul><\/div><\/div><\/div><div class=\"col-12 col-lg-8 \"><div class=\"realisation-content\"><p><b>L'innovation de Micheline Desbiens<\/b>, <b>la p\u00e2te \u00e0 modeler Tutti-Frutti<\/b>, est une invention qui conna\u00eet encore aujourd'hui un franc succ\u00e8s. Micheline Desbiens est une des nombreux inventeurs \u00e0 succ\u00e8s ayant fait appel \u00e0 Invention Qu\u00e9bec pour obtenir de l'aide durant le processus d'obtention de propri\u00e9t\u00e9s intellectuelles.<\/p>\n<p>Cette invention, <b>la p\u00e2te \u00e0 modeler Tutti-Frutti<\/b> aura d'ailleurs \u00e9volu\u00e9e en une compagnie du m\u00eame nom. L\u2019invention de Micheline Desbiens remporte le titre de meilleur jouet canadien et am\u00e9ricain.<\/p>\n<\/div><\/div><\/div><\/div><div class=\"single-realisation\"><div class=\"row align-items-center\"><div class=\"col-12 col-lg-4 order-first order-lg-last\"><div class=\"realisation-img\"><img width=\"612\" height=\"341\" src=\"https:\/\/www.inventionquebec.ca\/wp-content\/uploads\/2021\/10\/5.png\" class=\"skip-lazy\" alt=\"\" loading=\"lazy\" srcset=\"https:\/\/www.inventionquebec.ca\/wp-content\/uploads\/2021\/10\/5.png 612w, https:\/\/www.inventionquebec.ca\/wp-content\/uploads\/2021\/10\/5-300x167.png 300w, https:\/\/www.inventionquebec.ca\/wp-content\/uploads\/2021\/10\/5-534x298.png 534w\" sizes=\"(max-width: 612px) 100vw, 612px\" \/><\/div><\/div><div class=\"col-12 col-lg-8 order-last order-lg-first\"><div class=\"realisation-content\"><p><b>L'innovation de R\u00e9jean Gallichan<\/b>, le securi-traction, mieux connue sous le nom de traction-aid, est une invention qui conna\u00eet encore aujourd'hui un franc succ\u00e8s. <b>R\u00e9jean Gallichan<\/b> est un des nombreux inventeurs \u00e0 succ\u00e8s ayant fait appel \u00e0 Invention Qu\u00e9bec pour obtenir de l'aide durant le processus d'obtention de propri\u00e9t\u00e9s intellectuelles.<\/p>\n<p>Cette invention, le <b>traction-aid<\/b>, une conception r\u00e9volutionnaire qui permet \u00e0 un v\u00e9hicule d'obtenir une meilleure traction sur une surface glissante, est encore utilis\u00e9e des d\u00e9cennies apr\u00e8s son \u00e9laboration initiale.<\/p>\n<\/div><\/div><\/div><\/div><div class=\"single-realisation\"><div class=\"row align-items-center\"><div class=\"col-12 col-lg-4 \"><div class=\"realisation-img\"><img width=\"1020\" height=\"439\" src=\"https:\/\/www.inventionquebec.ca\/wp-content\/uploads\/2021\/10\/1.png\" class=\"skip-lazy\" alt=\"\" loading=\"lazy\" srcset=\"https:\/\/www.inventionquebec.ca\/wp-content\/uploads\/2021\/10\/1.png 1020w, https:\/\/www.inventionquebec.ca\/wp-content\/uploads\/2021\/10\/1-300x129.png 300w, https:\/\/www.inventionquebec.ca\/wp-content\/uploads\/2021\/10\/1-768x331.png 768w, https:\/\/www.inventionquebec.ca\/wp-content\/uploads\/2021\/10\/1-534x230.png 534w\" sizes=\"(max-width: 1020px) 100vw, 1020px\" \/><\/div><\/div><div class=\"col-12 col-lg-8 \"><div class=\"realisation-content\"><p>L'<b>innovation de Fernand Beaudoin<\/b>, le <b>sabot de Denver<\/b>, est une invention qui conna\u00eet encore aujourd'hui un franc succ\u00e8s. <b>Fernand Beaudoin<\/b> est un des nombreux <b>inventeurs \u00e0 succ\u00e8s <\/b>ayant fait appel \u00e0 Invention Qu\u00e9bec pour obtenir de l'aide durant le processus d'obtention de propri\u00e9t\u00e9s intellectuelles.<\/p>\n<p>Cette invention, le <b>sabot de Denver<\/b>, une conception r\u00e9volutionnaire qui permet aux forces de l'ordre de proc\u00e9der \u00e0 l'immobilisation d'un v\u00e9hicule, est encore utilis\u00e9e des d\u00e9cennies apr\u00e8s son \u00e9laboration initiale<\/p>\n<\/div><\/div><\/div><\/div><div class=\"single-realisation\"><div class=\"row align-items-center\"><div class=\"col-12 col-lg-4 order-first order-lg-last\"><div class=\"realisation-img\"><div class=\"flexslider\"><ul class=\"slides\"><li><img width=\"236\" height=\"193\" src=\"https:\/\/www.inventionquebec.ca\/wp-content\/uploads\/2021\/10\/18.png\" class=\"skip-lazy\" alt=\"\" loading=\"lazy\" \/><\/li><li><img width=\"283\" height=\"272\" src=\"https:\/\/www.inventionquebec.ca\/wp-content\/uploads\/2021\/10\/17.png\" class=\"skip-lazy\" alt=\"\" loading=\"lazy\" \/><\/li><\/ul><\/div><\/div><\/div><div class=\"col-12 col-lg-8 order-last order-lg-first\"><div class=\"realisation-content\"><p><b>L<\/b><b>e<\/b><b>andre Vachon's innovation<\/b>, the <b>safe spout<\/b>, is an invention that is still very successful today. <b>L<\/b><b>e<\/b><b>andre Vachon<\/b> is one of the many successful inventors who turned to Invention Quebec for help during the process of obtaining intellectual property.<\/p>\n<p>This invention, the <b>safe spout<\/b>, will have evolved into a company: DSD International Inc. which has more than 30 years of experience and approximately 120 employees.<\/p>\n<\/div><\/div><\/div><\/div><div class=\"single-realisation\"><div class=\"row align-items-center\"><div class=\"col-12 col-lg-4 \"><div class=\"realisation-img\"><img width=\"538\" height=\"350\" src=\"https:\/\/www.inventionquebec.ca\/wp-content\/uploads\/2021\/10\/4.png\" class=\"skip-lazy\" alt=\"\" loading=\"lazy\" srcset=\"https:\/\/www.inventionquebec.ca\/wp-content\/uploads\/2021\/10\/4.png 538w, https:\/\/www.inventionquebec.ca\/wp-content\/uploads\/2021\/10\/4-300x195.png 300w, https:\/\/www.inventionquebec.ca\/wp-content\/uploads\/2021\/10\/4-461x300.png 461w\" sizes=\"(max-width: 538px) 100vw, 538px\" \/><\/div><\/div><div class=\"col-12 col-lg-8 \"><div class=\"realisation-content\"><p><b>Produits de ventilation HCE<\/b> est sp\u00e9cialis\u00e9e dans la fabrication de hottes pour cuisines commerciales et institutionnelles, la distribution de produits pour la ventilation et le service de soutien technique en ing\u00e9nierie. <b>Produits de ventilation HCE <\/b>a fait affaire avec Invention Qu\u00e9bec pour prot\u00e9ger ses innovations.<\/p>\n<p>Elle a r\u00e9alis\u00e9 des milliers de projets aux quatre coins du Qu\u00e9bec et ce pour plusieurs entreprises renomm\u00e9es, <b>Produits de ventilation HCE<\/b> est un leader dans le domaine.<\/p>\n<\/div><\/div><\/div><\/div><\/div><\/div><\/div>\n<\/section>\n","protected":false},"excerpt":{"rendered":"<p>Nos r\u00e9alisations Avec l&rsquo;aide d&rsquo;Invention Qu\u00e9bec, plusieurs inventeurs ont pu prot\u00e9ger leurs innovations en obtenant des propri\u00e9t\u00e9s intellectuelles. D\u00e9couvrez quelques un des milliers de dossiers qui nous ont \u00e9t\u00e9 confi\u00e9s pour un accompagnement et assistance \u00e0 l\u2019obtention de leurs propri\u00e9t\u00e9s intellectuelles.<\/p>\n","protected":false},"author":1,"featured_media":0,"parent":0,"menu_order":0,"comment_status":"closed","ping_status":"closed","template":"","meta":[],"acf":[],"_links":{"self":[{"href":"https:\/\/www.inventionquebec.ca\/fr\/wp-json\/wp\/v2\/pages\/515"}],"collection":[{"href":"https:\/\/www.inventionquebec.ca\/fr\/wp-json\/wp\/v2\/pages"}],"about":[{"href":"https:\/\/www.inventionquebec.ca\/fr\/wp-json\/wp\/v2\/types\/page"}],"author":[{"embeddable":true,"href":"https:\/\/www.inventionquebec.ca\/fr\/wp-json\/wp\/v2\/users\/1"}],"replies":[{"embeddable":true,"href":"https:\/\/www.inventionquebec.ca\/fr\/wp-json\/wp\/v2\/comments?post=515"}],"version-history":[{"count":7,"href":"https:\/\/www.inventionquebec.ca\/fr\/wp-json\/wp\/v2\/pages\/515\/revisions"}],"predecessor-version":[{"id":1185,"href":"https:\/\/www.inventionquebec.ca\/fr\/wp-json\/wp\/v2\/pages\/515\/revisions\/1185"}],"wp:attachment":[{"href":"https:\/\/www.inventionquebec.ca\/fr\/wp-json\/wp\/v2\/media?parent=515"}],"curies":[{"name":"wp","href":"https:\/\/api.w.org\/{rel}","templated":true}]}}